{"id":4533,"date":"2018-10-17T09:37:58","date_gmt":"2018-10-17T09:37:58","guid":{"rendered":"https:\/\/perioclinik.ca\/contact\/"},"modified":"2025-07-25T15:34:17","modified_gmt":"2025-07-25T15:34:17","slug":"contact","status":"publish","type":"page","link":"https:\/\/perioclinik.ca\/fr\/contact\/","title":{"rendered":"Contact"},"content":{"rendered":"<div class=\"wpb-content-wrapper\"><p>[vc_row full_width=\u00a0\u00bbstretch_row_content_no_spaces\u00a0\u00bb][vc_column][vc_column_text]<iframe style=\"border: none;\" data-src=\"https:\/\/snazzymaps.com\/embed\/257337\" width=\"100%\" height=\"400px\" src=\"data:image\/svg+xml;base64,PHN2ZyB3aWR0aD0iMSIgaGVpZ2h0PSIxIiB4bWxucz0iaHR0cDovL3d3dy53My5vcmcvMjAwMC9zdmciPjwvc3ZnPg==\" class=\"lazyload\" data-load-mode=\"1\"><\/iframe>[\/vc_column_text][\/vc_column][\/vc_row][vc_row lg_spacing=\u00a0\u00bbpadding_top:60;padding_bottom:60&Prime;][vc_column][tm_heading tag=\u00a0\u00bbh1&Prime; custom_google_font=\u00a0\u00bb\u00a0\u00bb align=\u00a0\u00bbcenter\u00a0\u00bb text=\u00a0\u00bbContactez PerioClinik \u00e0 Gatineau\u00a0\u00bb font_size=\u00a0\u00bblg:36&Prime;][tm_spacer size=\u00a0\u00bblg:20&Prime;][tm_heading tag=\u00a0\u00bbp\u00a0\u00bb custom_google_font=\u00a0\u00bb\u00a0\u00bb text=\u00a0\u00bbVous recherchez des soins parodontaux sp\u00e9cialis\u00e9s \u00e0 Gatineau\u202f? Contactez PerioClinik par t\u00e9l\u00e9phone, par courriel ou via le formulaire ci-dessous pour planifier votre consultation.\u00a0\u00bb][tm_spacer size=\u00a0\u00bblg:50&Prime;][vc_row_inner][vc_column_inner offset=\u00a0\u00bbvc_col-lg-4&Prime;][tm_box_icon style=\u00a0\u00bb3&Prime; icon_type=\u00a0\u00bbfontawesome5&Prime; icon_fontawesome5=\u00a0\u00bb\u00a0\u00bb custom_border_color=\u00a0\u00bb#d4d2d2&Prime; border_style=\u00a0\u00bbdashed\u00a0\u00bb heading=\u00a0\u00bbAdresse et localisation de la clinique\u00a0\u00bb text=\u00a0\u00bb403-10 all\u00e9e de Hambourg<br \/>\nGatineau QC, Canada J9J4K2&Prime; button=\u00a0\u00bb|||\u00a0\u00bb lg_spacing=\u00a0\u00bbmargin_bottom:30;border_bottom:1;padding_bottom:30&Prime;][tm_box_icon style=\u00a0\u00bb3&Prime; icon_type=\u00a0\u00bbfontawesome5&Prime; icon_fontawesome5=\u00a0\u00bb\u00a0\u00bb custom_border_color=\u00a0\u00bb#d4d2d2&Prime; border_style=\u00a0\u00bbdashed\u00a0\u00bb heading=\u00a0\u00bbT\u00e9l\u00e9phone\u00a0\u00bb text=\u00a0\u00bb819-790-9581&Prime; button=\u00a0\u00bb|||\u00a0\u00bb lg_spacing=\u00a0\u00bbmargin_bottom:30;border_bottom:1;padding_bottom:30&Prime; link=\u00a0\u00bburl:tel%3A8197909581|||\u00a0\u00bb][tm_box_icon style=\u00a0\u00bb3&Prime; icon_type=\u00a0\u00bbfontawesome5&Prime; icon_fontawesome5=\u00a0\u00bb\u00a0\u00bb custom_border_color=\u00a0\u00bb#d4d2d2&Prime; border_style=\u00a0\u00bbdashed\u00a0\u00bb heading=\u00a0\u00bbT\u00e9l\u00e9copieur\u00a0\u00bb text=\u00a0\u00bb819-201-8615&Prime; button=\u00a0\u00bb|||\u00a0\u00bb lg_spacing=\u00a0\u00bbmargin_bottom:30;border_bottom:1;padding_bottom:30&Prime; link=\u00a0\u00bb|||\u00a0\u00bb][tm_box_icon style=\u00a0\u00bb3&Prime; icon_type=\u00a0\u00bbfontawesome5&Prime; icon_fontawesome5=\u00a0\u00bb\u00a0\u00bb custom_border_color=\u00a0\u00bb#d4d2d2&Prime; border_style=\u00a0\u00bbdashed\u00a0\u00bb heading=\u00a0\u00bbCourriel\u00a0\u00bb text=\u00a0\u00bbinfo@perioclinik.ca\u00a0\u00bb button=\u00a0\u00bb|||\u00a0\u00bb link=\u00a0\u00bburl:mailto%3Ainfo%40perioclinik.ca|||\u00a0\u00bb][tm_social_networks style=\u00a0\u00bbsolid-rounded-icon-02&Prime; items=\u00a0\u00bb%5B%7B%22title%22%3A%22Facebook%22%2C%22link%22%3A%22%23%22%2C%22icon_type%22%3A%22fontawesome5%22%2C%22icon_fontawesome5%22%3A%22fab%20fa-facebook-f%22%7D%2C%7B%22title%22%3A%22LinkedIn%22%2C%22link%22%3A%22%23%22%2C%22icon_type%22%3A%22fontawesome5%22%2C%22icon_fontawesome5%22%3A%22fab%20fa-linkedin-in%22%7D%2C%7B%22title%22%3A%22Instagram%22%2C%22link%22%3A%22%23%22%2C%22icon_type%22%3A%22fontawesome5%22%2C%22icon_fontawesome5%22%3A%22fab%20fa-instagram%22%7D%5D\u00a0\u00bb][tm_spacer size=\u00a0\u00bblg:60&Prime;][\/vc_column_inner][vc_column_inner offset=\u00a0\u00bbvc_col-lg-8&Prime;][tm_contact_form_7 id=\u00a0\u00bb3147&Prime; style=\u00a0\u00bb04&Prime;][tm_heading tag=\u00a0\u00bbdiv\u00a0\u00bb custom_google_font=\u00a0\u00bb\u00a0\u00bb font_style=\u00a0\u00bbitalic\u00a0\u00bb align=\u00a0\u00bbcenter\u00a0\u00bb text=\u00a0\u00bbVotre adresse \u00e9lectronique ne sera pas publi\u00e9e.\u00a0\u00bb css=\u00a0\u00bb.vc_custom_1726586914221{margin-top: 20px !important;}\u00a0\u00bb][tm_spacer size=\u00a0\u00bblg:60&Prime;][\/vc_column_inner][\/vc_row_inner][\/vc_column][\/vc_row]<\/p>\n<\/div>","protected":false},"excerpt":{"rendered":"<p>[vc_row full_width=\u00a0\u00bbstretch_row_content_no_spaces\u00a0\u00bb][vc_column][vc_column_text][\/vc_column_text][\/vc_column][\/vc_row][vc_row lg_spacing=\u00a0\u00bbpadding_top:60;padding_bottom:60&Prime;][vc_column][tm_heading tag=\u00a0\u00bbh1&Prime; custom_google_font=\u00a0\u00bb\u00a0\u00bb align=\u00a0\u00bbcenter\u00a0\u00bb text=\u00a0\u00bbContactez PerioClinik \u00e0 Gatineau\u00a0\u00bb font_size=\u00a0\u00bblg:36&Prime;][tm_spacer size=\u00a0\u00bblg:20&Prime;][tm_heading tag=\u00a0\u00bbp\u00a0\u00bb custom_google_font=\u00a0\u00bb\u00a0\u00bb text=\u00a0\u00bbVous recherchez des soins parodontaux sp\u00e9cialis\u00e9s \u00e0 Gatineau\u202f? Contactez PerioClinik par t\u00e9l\u00e9phone, par courriel ou via le formulaire ci-dessous pour planifier votre consultation.\u00a0\u00bb][tm_spacer size=\u00a0\u00bblg:50&Prime;][vc_row_inner][vc_column_inner offset=\u00a0\u00bbvc_col-lg-4&Prime;][tm_box_icon style=\u00a0\u00bb3&Prime; icon_type=\u00a0\u00bbfontawesome5&Prime; icon_fontawesome5=\u00a0\u00bb\u00a0\u00bb custom_border_color=\u00a0\u00bb#d4d2d2&Prime; border_style=\u00a0\u00bbdashed\u00a0\u00bb heading=\u00a0\u00bbAdresse et localisation de la clinique\u00a0\u00bb text=\u00a0\u00bb403-10 all\u00e9e de Hambourg Gatineau QC, Canada J9J4K2&Prime; button=\u00a0\u00bb|||\u00a0\u00bb lg_spacing=\u00a0\u00bbmargin_bottom:30;border_bottom:1;padding_bottom:30&Prime;][tm_box_icon style=\u00a0\u00bb3&Prime; icon_type=\u00a0\u00bbfontawesome5&Prime; icon_fontawesome5=\u00a0\u00bb\u00a0\u00bb custom_border_color=\u00a0\u00bb#d4d2d2&Prime; border_style=\u00a0\u00bbdashed\u00a0\u00bb heading=\u00a0\u00bbT\u00e9l\u00e9phone\u00a0\u00bb text=\u00a0\u00bb819-790-9581&Prime; button=\u00a0\u00bb|||\u00a0\u00bb lg_spacing=\u00a0\u00bbmargin_bottom:30;border_bottom:1;padding_bottom:30&Prime; link=\u00a0\u00bburl:tel%3A8197909581|||\u00a0\u00bb][tm_box_icon style=\u00a0\u00bb3&Prime; icon_type=\u00a0\u00bbfontawesome5&Prime; icon_fontawesome5=\u00a0\u00bb\u00a0\u00bb custom_border_color=\u00a0\u00bb#d4d2d2&Prime; border_style=\u00a0\u00bbdashed\u00a0\u00bb heading=\u00a0\u00bbT\u00e9l\u00e9copieur\u00a0\u00bb text=\u00a0\u00bb819-201-8615&Prime; button=\u00a0\u00bb|||\u00a0\u00bb lg_spacing=\u00a0\u00bbmargin_bottom:30;border_bottom:1;padding_bottom:30&Prime; link=\u00a0\u00bb|||\u00a0\u00bb][tm_box_icon style=\u00a0\u00bb3&Prime; icon_type=\u00a0\u00bbfontawesome5&Prime; icon_fontawesome5=\u00a0\u00bb\u00a0\u00bb custom_border_color=\u00a0\u00bb#d4d2d2&Prime; border_style=\u00a0\u00bbdashed\u00a0\u00bb heading=\u00a0\u00bbCourriel\u00a0\u00bb text=\u00a0\u00bbinfo@perioclinik.ca\u00a0\u00bb button=\u00a0\u00bb|||\u00a0\u00bb link=\u00a0\u00bburl:mailto%3Ainfo%40perioclinik.ca|||\u00a0\u00bb][tm_social_networks style=\u00a0\u00bbsolid-rounded-icon-02&Prime; items=\u00a0\u00bb%5B%7B%22title%22%3A%22Facebook%22%2C%22link%22%3A%22%23%22%2C%22icon_type%22%3A%22fontawesome5%22%2C%22icon_fontawesome5%22%3A%22fab%20fa-facebook-f%22%7D%2C%7B%22title%22%3A%22LinkedIn%22%2C%22link%22%3A%22%23%22%2C%22icon_type%22%3A%22fontawesome5%22%2C%22icon_fontawesome5%22%3A%22fab%20fa-linkedin-in%22%7D%2C%7B%22title%22%3A%22Instagram%22%2C%22link%22%3A%22%23%22%2C%22icon_type%22%3A%22fontawesome5%22%2C%22icon_fontawesome5%22%3A%22fab%20fa-instagram%22%7D%5D\u00a0\u00bb][tm_spacer size=\u00a0\u00bblg:60&Prime;][\/vc_column_inner][vc_column_inner offset=\u00a0\u00bbvc_col-lg-8&Prime;][tm_contact_form_7 id=\u00a0\u00bb3147&Prime; style=\u00a0\u00bb04&Prime;][tm_heading tag=\u00a0\u00bbdiv\u00a0\u00bb custom_google_font=\u00a0\u00bb\u00a0\u00bb font_style=\u00a0\u00bbitalic\u00a0\u00bb align=\u00a0\u00bbcenter\u00a0\u00bb text=\u00a0\u00bbVotre adresse \u00e9lectronique ne sera pas publi\u00e9e.\u00a0\u00bb css=\u00a0\u00bb.vc_custom_1726586914221{margin-top: 20px !important;}\u00a0\u00bb][tm_spacer size=\u00a0\u00bblg:60&Prime;][\/vc_column_inner][\/vc_row_inner][\/vc_column][\/vc_row]<\/p>\n","protected":false},"author":1,"featured_media":0,"parent":0,"menu_order":0,"comment_status":"closed","ping_status":"closed","template":"","meta":{"footnotes":""},"class_list":["post-4533","page","type-page","status-publish","hentry"],"yoast_head":"<!-- This site is optimized with the Yoast SEO plugin v26.9 - https:\/\/yoast.com\/product\/yoast-seo-wordpress\/ -->\n<title>Contact PerioClinik Gatineau | Prendre rendez-vous<\/title>\n<meta name=\"description\" content=\"Contactez PerioClinik \u00e0 Gatineau pour vos soins dentaires sp\u00e9cialis\u00e9s. Appelez-nous, envoyez-nous un courriel ou remplissez le formulaire pour prendre rendez-vous.\" \/>\n<meta name=\"robots\" content=\"index, follow, max-snippet:-1, max-image-preview:large, max-video-preview:-1\" \/>\n<link rel=\"canonical\" href=\"https:\/\/perioclinik.ca\/fr\/contact\/\" \/>\n<meta property=\"og:locale\" content=\"fr_FR\" \/>\n<meta property=\"og:type\" content=\"article\" \/>\n<meta property=\"og:title\" content=\"Contact PerioClinik Gatineau | Prendre rendez-vous\" \/>\n<meta property=\"og:description\" content=\"Contactez PerioClinik \u00e0 Gatineau pour vos soins dentaires sp\u00e9cialis\u00e9s. Appelez-nous, envoyez-nous un courriel ou remplissez le formulaire pour prendre rendez-vous.\" \/>\n<meta property=\"og:url\" content=\"https:\/\/perioclinik.ca\/fr\/contact\/\" \/>\n<meta property=\"og:site_name\" content=\"PerioClinik\" \/>\n<meta property=\"article:publisher\" content=\"https:\/\/www.facebook.com\/PerioClinikGatineau\/?locale=fr_FR\" \/>\n<meta property=\"article:modified_time\" content=\"2025-07-25T15:34:17+00:00\" \/>\n<meta name=\"twitter:card\" content=\"summary_large_image\" \/>\n<meta name=\"twitter:label1\" content=\"Est. reading time\" \/>\n\t<meta name=\"twitter:data1\" content=\"1 minute\" \/>\n<script type=\"application\/ld+json\" class=\"yoast-schema-graph\">{\"@context\":\"https:\/\/schema.org\",\"@graph\":[{\"@type\":\"WebPage\",\"@id\":\"https:\/\/perioclinik.ca\/fr\/contact\/\",\"url\":\"https:\/\/perioclinik.ca\/fr\/contact\/\",\"name\":\"Contact PerioClinik Gatineau | Prendre rendez-vous\",\"isPartOf\":{\"@id\":\"https:\/\/perioclinik.ca\/#website\"},\"datePublished\":\"2018-10-17T09:37:58+00:00\",\"dateModified\":\"2025-07-25T15:34:17+00:00\",\"description\":\"Contactez PerioClinik \u00e0 Gatineau pour vos soins dentaires sp\u00e9cialis\u00e9s. Appelez-nous, envoyez-nous un courriel ou remplissez le formulaire pour prendre rendez-vous.\",\"breadcrumb\":{\"@id\":\"https:\/\/perioclinik.ca\/fr\/contact\/#breadcrumb\"},\"inLanguage\":\"fr-FR\",\"potentialAction\":[{\"@type\":\"ReadAction\",\"target\":[\"https:\/\/perioclinik.ca\/fr\/contact\/\"]}]},{\"@type\":\"BreadcrumbList\",\"@id\":\"https:\/\/perioclinik.ca\/fr\/contact\/#breadcrumb\",\"itemListElement\":[{\"@type\":\"ListItem\",\"position\":1,\"name\":\"Home\",\"item\":\"https:\/\/perioclinik.ca\/fr\/\"},{\"@type\":\"ListItem\",\"position\":2,\"name\":\"Contact\"}]},{\"@type\":\"WebSite\",\"@id\":\"https:\/\/perioclinik.ca\/#website\",\"url\":\"https:\/\/perioclinik.ca\/\",\"name\":\"PerioClinik\",\"description\":\"Life Changing Dental Care\",\"publisher\":{\"@id\":\"https:\/\/perioclinik.ca\/#organization\"},\"potentialAction\":[{\"@type\":\"SearchAction\",\"target\":{\"@type\":\"EntryPoint\",\"urlTemplate\":\"https:\/\/perioclinik.ca\/?s={search_term_string}\"},\"query-input\":{\"@type\":\"PropertyValueSpecification\",\"valueRequired\":true,\"valueName\":\"search_term_string\"}}],\"inLanguage\":\"fr-FR\"},{\"@type\":\"Organization\",\"@id\":\"https:\/\/perioclinik.ca\/#organization\",\"name\":\"PerioClinik\",\"url\":\"https:\/\/perioclinik.ca\/\",\"logo\":{\"@type\":\"ImageObject\",\"inLanguage\":\"fr-FR\",\"@id\":\"https:\/\/perioclinik.ca\/#\/schema\/logo\/image\/\",\"url\":\"https:\/\/perioclinik.ca\/wp-content\/uploads\/2018\/10\/PerioClinik-Logo_Color.png\",\"contentUrl\":\"https:\/\/perioclinik.ca\/wp-content\/uploads\/2018\/10\/PerioClinik-Logo_Color.png\",\"width\":164,\"height\":60,\"caption\":\"PerioClinik\"},\"image\":{\"@id\":\"https:\/\/perioclinik.ca\/#\/schema\/logo\/image\/\"},\"sameAs\":[\"https:\/\/www.facebook.com\/PerioClinikGatineau\/?locale=fr_FR\",\"https:\/\/www.instagram.com\/perioclinikgatineau\/?hl=fr\"]}]}<\/script>\n<!-- \/ Yoast SEO plugin. -->","yoast_head_json":{"title":"Contact PerioClinik Gatineau | Prendre rendez-vous","description":"Contactez PerioClinik \u00e0 Gatineau pour vos soins dentaires sp\u00e9cialis\u00e9s. Appelez-nous, envoyez-nous un courriel ou remplissez le formulaire pour prendre rendez-vous.","robots":{"index":"index","follow":"follow","max-snippet":"max-snippet:-1","max-image-preview":"max-image-preview:large","max-video-preview":"max-video-preview:-1"},"canonical":"https:\/\/perioclinik.ca\/fr\/contact\/","og_locale":"fr_FR","og_type":"article","og_title":"Contact PerioClinik Gatineau | Prendre rendez-vous","og_description":"Contactez PerioClinik \u00e0 Gatineau pour vos soins dentaires sp\u00e9cialis\u00e9s. Appelez-nous, envoyez-nous un courriel ou remplissez le formulaire pour prendre rendez-vous.","og_url":"https:\/\/perioclinik.ca\/fr\/contact\/","og_site_name":"PerioClinik","article_publisher":"https:\/\/www.facebook.com\/PerioClinikGatineau\/?locale=fr_FR","article_modified_time":"2025-07-25T15:34:17+00:00","twitter_card":"summary_large_image","twitter_misc":{"Est. reading time":"1 minute"},"schema":{"@context":"https:\/\/schema.org","@graph":[{"@type":"WebPage","@id":"https:\/\/perioclinik.ca\/fr\/contact\/","url":"https:\/\/perioclinik.ca\/fr\/contact\/","name":"Contact PerioClinik Gatineau | Prendre rendez-vous","isPartOf":{"@id":"https:\/\/perioclinik.ca\/#website"},"datePublished":"2018-10-17T09:37:58+00:00","dateModified":"2025-07-25T15:34:17+00:00","description":"Contactez PerioClinik \u00e0 Gatineau pour vos soins dentaires sp\u00e9cialis\u00e9s. Appelez-nous, envoyez-nous un courriel ou remplissez le formulaire pour prendre rendez-vous.","breadcrumb":{"@id":"https:\/\/perioclinik.ca\/fr\/contact\/#breadcrumb"},"inLanguage":"fr-FR","potentialAction":[{"@type":"ReadAction","target":["https:\/\/perioclinik.ca\/fr\/contact\/"]}]},{"@type":"BreadcrumbList","@id":"https:\/\/perioclinik.ca\/fr\/contact\/#breadcrumb","itemListElement":[{"@type":"ListItem","position":1,"name":"Home","item":"https:\/\/perioclinik.ca\/fr\/"},{"@type":"ListItem","position":2,"name":"Contact"}]},{"@type":"WebSite","@id":"https:\/\/perioclinik.ca\/#website","url":"https:\/\/perioclinik.ca\/","name":"PerioClinik","description":"Life Changing Dental Care","publisher":{"@id":"https:\/\/perioclinik.ca\/#organization"},"potentialAction":[{"@type":"SearchAction","target":{"@type":"EntryPoint","urlTemplate":"https:\/\/perioclinik.ca\/?s={search_term_string}"},"query-input":{"@type":"PropertyValueSpecification","valueRequired":true,"valueName":"search_term_string"}}],"inLanguage":"fr-FR"},{"@type":"Organization","@id":"https:\/\/perioclinik.ca\/#organization","name":"PerioClinik","url":"https:\/\/perioclinik.ca\/","logo":{"@type":"ImageObject","inLanguage":"fr-FR","@id":"https:\/\/perioclinik.ca\/#\/schema\/logo\/image\/","url":"https:\/\/perioclinik.ca\/wp-content\/uploads\/2018\/10\/PerioClinik-Logo_Color.png","contentUrl":"https:\/\/perioclinik.ca\/wp-content\/uploads\/2018\/10\/PerioClinik-Logo_Color.png","width":164,"height":60,"caption":"PerioClinik"},"image":{"@id":"https:\/\/perioclinik.ca\/#\/schema\/logo\/image\/"},"sameAs":["https:\/\/www.facebook.com\/PerioClinikGatineau\/?locale=fr_FR","https:\/\/www.instagram.com\/perioclinikgatineau\/?hl=fr"]}]}},"_links":{"self":[{"href":"https:\/\/perioclinik.ca\/fr\/wp-json\/wp\/v2\/pages\/4533","targetHints":{"allow":["GET"]}}],"collection":[{"href":"https:\/\/perioclinik.ca\/fr\/wp-json\/wp\/v2\/pages"}],"about":[{"href":"https:\/\/perioclinik.ca\/fr\/wp-json\/wp\/v2\/types\/page"}],"author":[{"embeddable":true,"href":"https:\/\/perioclinik.ca\/fr\/wp-json\/wp\/v2\/users\/1"}],"replies":[{"embeddable":true,"href":"https:\/\/perioclinik.ca\/fr\/wp-json\/wp\/v2\/comments?post=4533"}],"version-history":[{"count":0,"href":"https:\/\/perioclinik.ca\/fr\/wp-json\/wp\/v2\/pages\/4533\/revisions"}],"wp:attachment":[{"href":"https:\/\/perioclinik.ca\/fr\/wp-json\/wp\/v2\/media?parent=4533"}],"curies":[{"name":"wp","href":"https:\/\/api.w.org\/{rel}","templated":true}]}}