{"id":4536,"date":"2018-10-15T10:01:56","date_gmt":"2018-10-15T10:01:56","guid":{"rendered":"https:\/\/perioclinik.ca\/procedures\/"},"modified":"2025-06-14T17:33:20","modified_gmt":"2025-06-14T17:33:20","slug":"nos-procedures","status":"publish","type":"page","link":"https:\/\/perioclinik.ca\/fr\/nos-procedures\/","title":{"rendered":"Proc\u00e9dures"},"content":{"rendered":"<div class=\"wpb-content-wrapper\"><p>[vc_row full_width=\u00a0\u00bbstretch_row\u00a0\u00bb lg_spacing=\u00a0\u00bbpadding_top:120&Prime;][vc_column][vc_row_inner gutter=\u00a0\u00bbxs:30;sm:50;md:80;lg:100&Prime;][vc_column_inner width=\u00a0\u00bb2\/3&Prime;][tm_heading tag=\u00a0\u00bbh2&Prime; custom_google_font=\u00a0\u00bb\u00a0\u00bb text=\u00a0\u00bbDes soins en <mark>parodontie<\/mark> et en <mark>implants dentaires<\/mark> \u00e0 Gatineau\u00a0\u00bb font_size=\u00a0\u00bblg:36&Prime; line_height=\u00a0\u00bb46px\u00a0\u00bb][tm_heading tag=\u00a0\u00bbp\u00a0\u00bb custom_google_font=\u00a0\u00bb\u00a0\u00bb google_fonts=\u00a0\u00bbfont_family:Poppins%3A300%2Cregular%2C500%2C600%2C700|font_style:400%20regular%3A400%3Anormal\u00a0\u00bb text=\u00a0\u00bbChez PerioClinik, nous r\u00e9alisons des traitements personnalis\u00e9s, s\u00fbrs et confortables pour restaurer la sant\u00e9 des gencives et remplacer les dents manquantes gr\u00e2ce \u00e0 des techniques modernes et peu invasives.\u00a0\u00bb font_size=\u00a0\u00bblg:16&Prime;][tm_spacer size=\u00a0\u00bblg:30&Prime;][\/vc_column_inner][vc_column_inner width=\u00a0\u00bb1\/3&Prime;][\/vc_column_inner][\/vc_row_inner][tm_spacer size=\u00a0\u00bblg:40&Prime;][tm_service gutter=\u00a0\u00bb30&Prime; row_gutter=\u00a0\u00bb30&Prime; image_size=\u00a0\u00bb370&#215;277&Prime; number=\u00a0\u00bb12&Prime; orderby=\u00a0\u00bbtitle\u00a0\u00bb order=\u00a0\u00bbASC\u00a0\u00bb columns=\u00a0\u00bbxs:1;sm:2;lg:3&Prime; taxonomies=\u00a0\u00bbservice_category:feature\u00a0\u00bb][tm_spacer size=\u00a0\u00bblg:110&Prime;][\/vc_column][\/vc_row][vc_row full_width=\u00a0\u00bbstretch_row_content_no_spaces\u00a0\u00bb equal_height=\u00a0\u00bbyes\u00a0\u00bb][vc_column offset=\u00a0\u00bbvc_col-lg-6&Prime;][vc_row_inner equal_height=\u00a0\u00bbyes\u00a0\u00bb background_color=\u00a0\u00bbprimary\u00a0\u00bb gutter=\u00a0\u00bblg:0&Prime;][vc_column_inner width=\u00a0\u00bb1\/2&Prime; background_image=\u00a0\u00bb4069&Prime; background_position=\u00a0\u00bbcenter center\u00a0\u00bb xs_spacing=\u00a0\u00bbpadding_top:500&Prime;][\/vc_column_inner][vc_column_inner width=\u00a0\u00bb1\/2&Prime; background_size=\u00a0\u00bbauto\u00a0\u00bb lg_spacing=\u00a0\u00bbpadding_top:80;padding_right:60;padding_bottom:77;padding_left:60&Prime; background_image=\u00a0\u00bb222&Prime; background_position=\u00a0\u00bbright 45px bottom 45px\u00a0\u00bb][tm_heading tag=\u00a0\u00bbh2&Prime; custom_google_font=\u00a0\u00bb\u00a0\u00bb text_color=\u00a0\u00bbcustom\u00a0\u00bb custom_text_color=\u00a0\u00bb#ffffff\u00a0\u00bb text=\u00a0\u00bbLes m\u00e9decins\u00a0\u00bb font_size=\u00a0\u00bblg:36&Prime;][tm_spacer size=\u00a0\u00bblg:26&Prime;][tm_heading tag=\u00a0\u00bbdiv\u00a0\u00bb custom_google_font=\u00a0\u00bb\u00a0\u00bb text_color=\u00a0\u00bbcustom\u00a0\u00bb custom_text_color=\u00a0\u00bb#ffffff\u00a0\u00bb text=\u00a0\u00bbRencontrez les m\u00e9decins et le personnel qui composent l&rsquo;\u00e9quipe de PerioClinik. Nous embauchons des personnes professionnelles, comp\u00e9tentes et exp\u00e9riment\u00e9es.\u00a0\u00bb][tm_spacer size=\u00a0\u00bblg:120&Prime;][tm_button color=\u00a0\u00bbcustom\u00a0\u00bb button_bg_color=\u00a0\u00bbcustom\u00a0\u00bb font_color=\u00a0\u00bbsecondary\u00a0\u00bb button_border_color=\u00a0\u00bbcustom\u00a0\u00bb button_icon_color=\u00a0\u00bb\u00a0\u00bb button_bg_color_hover=\u00a0\u00bbsecondary\u00a0\u00bb font_color_hover=\u00a0\u00bbcustom\u00a0\u00bb button_border_color_hover=\u00a0\u00bbsecondary\u00a0\u00bb button_icon_color_hover=\u00a0\u00bb\u00a0\u00bb button=\u00a0\u00bburl:%2Ffr%2Fcontact%2F|title:Contactez-nous|target:_blank\u00a0\u00bb custom_button_bg_color=\u00a0\u00bb#ffffff\u00a0\u00bb custom_button_border_color=\u00a0\u00bb#ffffff\u00a0\u00bb custom_font_color_hover=\u00a0\u00bb#ffffff\u00a0\u00bb][\/vc_column_inner][\/vc_row_inner][\/vc_column][vc_column background_color=\u00a0\u00bbsecondary\u00a0\u00bb offset=\u00a0\u00bbvc_col-lg-6&Prime;][vc_row_inner equal_height=\u00a0\u00bbyes\u00a0\u00bb background_color=\u00a0\u00bbthird\u00a0\u00bb gutter=\u00a0\u00bblg:0&Prime;][vc_column_inner width=\u00a0\u00bb1\/2&Prime; background_image=\u00a0\u00bb4070&Prime; background_position=\u00a0\u00bbcenter center\u00a0\u00bb xs_spacing=\u00a0\u00bbpadding_top:500&Prime;][\/vc_column_inner][vc_column_inner width=\u00a0\u00bb1\/2&Prime; background_color=\u00a0\u00bbthird\u00a0\u00bb background_size=\u00a0\u00bbauto\u00a0\u00bb lg_spacing=\u00a0\u00bbpadding_top:80;padding_right:60;padding_bottom:77;padding_left:60&Prime; background_image=\u00a0\u00bb223&Prime; background_position=\u00a0\u00bbright 45px bottom 45px\u00a0\u00bb][tm_heading tag=\u00a0\u00bbh2&Prime; custom_google_font=\u00a0\u00bb\u00a0\u00bb text_color=\u00a0\u00bbcustom\u00a0\u00bb custom_text_color=\u00a0\u00bb#ffffff\u00a0\u00bb text=\u00a0\u00bbLa Clinique\u00a0\u00bb font_size=\u00a0\u00bblg:36&Prime;][tm_spacer size=\u00a0\u00bblg:26&Prime;][tm_heading tag=\u00a0\u00bbdiv\u00a0\u00bb custom_google_font=\u00a0\u00bb\u00a0\u00bb text_color=\u00a0\u00bbcustom\u00a0\u00bb custom_text_color=\u00a0\u00bb#ffffff\u00a0\u00bb text=\u00a0\u00bbNous effectuons diverses interventions esth\u00e9tiques et chirurgicales pour traiter la d\u00e9t\u00e9rioration des gencives et rehausser votre sourire.\u00a0\u00bb][tm_spacer size=\u00a0\u00bblg:120&Prime;][tm_button color=\u00a0\u00bbcustom\u00a0\u00bb button_bg_color=\u00a0\u00bbcustom\u00a0\u00bb font_color=\u00a0\u00bbsecondary\u00a0\u00bb button_border_color=\u00a0\u00bbcustom\u00a0\u00bb button_icon_color=\u00a0\u00bb\u00a0\u00bb button_bg_color_hover=\u00a0\u00bbprimary\u00a0\u00bb font_color_hover=\u00a0\u00bbcustom\u00a0\u00bb button_border_color_hover=\u00a0\u00bbprimary\u00a0\u00bb button_icon_color_hover=\u00a0\u00bb\u00a0\u00bb button=\u00a0\u00bburl:%2Ffr%2Fla-clinique%2F|title:En%20savoir%20plus|target:_blank\u00a0\u00bb custom_button_bg_color=\u00a0\u00bb#ffffff\u00a0\u00bb custom_button_border_color=\u00a0\u00bb#ffffff\u00a0\u00bb custom_font_color_hover=\u00a0\u00bb#ffffff\u00a0\u00bb][\/vc_column_inner][\/vc_row_inner][\/vc_column][\/vc_row]<\/p>\n<\/div>","protected":false},"excerpt":{"rendered":"<p>[vc_row full_width=\u00a0\u00bbstretch_row\u00a0\u00bb lg_spacing=\u00a0\u00bbpadding_top:120&Prime;][vc_column][vc_row_inner gutter=\u00a0\u00bbxs:30;sm:50;md:80;lg:100&Prime;][vc_column_inner width=\u00a0\u00bb2\/3&Prime;][tm_heading tag=\u00a0\u00bbh2&Prime; custom_google_font=\u00a0\u00bb\u00a0\u00bb text=\u00a0\u00bbDes soins en parodontie et en implants dentaires \u00e0 Gatineau\u00a0\u00bb font_size=\u00a0\u00bblg:36&Prime; line_height=\u00a0\u00bb46px\u00a0\u00bb][tm_heading tag=\u00a0\u00bbp\u00a0\u00bb custom_google_font=\u00a0\u00bb\u00a0\u00bb google_fonts=\u00a0\u00bbfont_family:Poppins%3A300%2Cregular%2C500%2C600%2C700|font_style:400%20regular%3A400%3Anormal\u00a0\u00bb text=\u00a0\u00bbChez PerioClinik, nous r\u00e9alisons des traitements personnalis\u00e9s, s\u00fbrs et confortables pour restaurer la sant\u00e9 des gencives et remplacer les dents manquantes gr\u00e2ce \u00e0 des techniques modernes et peu invasives.\u00a0\u00bb font_size=\u00a0\u00bblg:16&Prime;][tm_spacer size=\u00a0\u00bblg:30&Prime;][\/vc_column_inner][vc_column_inner width=\u00a0\u00bb1\/3&Prime;][\/vc_column_inner][\/vc_row_inner][tm_spacer size=\u00a0\u00bblg:40&Prime;][tm_service gutter=\u00a0\u00bb30&Prime; row_gutter=\u00a0\u00bb30&Prime; image_size=\u00a0\u00bb370&#215;277&Prime; number=\u00a0\u00bb12&Prime; orderby=\u00a0\u00bbtitle\u00a0\u00bb order=\u00a0\u00bbASC\u00a0\u00bb columns=\u00a0\u00bbxs:1;sm:2;lg:3&Prime; taxonomies=\u00a0\u00bbservice_category:feature\u00a0\u00bb][tm_spacer size=\u00a0\u00bblg:110&Prime;][\/vc_column][\/vc_row][vc_row full_width=\u00a0\u00bbstretch_row_content_no_spaces\u00a0\u00bb equal_height=\u00a0\u00bbyes\u00a0\u00bb][vc_column offset=\u00a0\u00bbvc_col-lg-6&Prime;][vc_row_inner equal_height=\u00a0\u00bbyes\u00a0\u00bb background_color=\u00a0\u00bbprimary\u00a0\u00bb gutter=\u00a0\u00bblg:0&Prime;][vc_column_inner width=\u00a0\u00bb1\/2&Prime; background_image=\u00a0\u00bb4069&Prime; background_position=\u00a0\u00bbcenter center\u00a0\u00bb xs_spacing=\u00a0\u00bbpadding_top:500&Prime;][\/vc_column_inner][vc_column_inner width=\u00a0\u00bb1\/2&Prime; background_size=\u00a0\u00bbauto\u00a0\u00bb lg_spacing=\u00a0\u00bbpadding_top:80;padding_right:60;padding_bottom:77;padding_left:60&Prime; background_image=\u00a0\u00bb222&Prime; background_position=\u00a0\u00bbright 45px bottom 45px\u00a0\u00bb][tm_heading tag=\u00a0\u00bbh2&Prime; custom_google_font=\u00a0\u00bb\u00a0\u00bb text_color=\u00a0\u00bbcustom\u00a0\u00bb custom_text_color=\u00a0\u00bb#ffffff\u00a0\u00bb text=\u00a0\u00bbLes m\u00e9decins\u00a0\u00bb font_size=\u00a0\u00bblg:36&Prime;][tm_spacer size=\u00a0\u00bblg:26&Prime;][tm_heading tag=\u00a0\u00bbdiv\u00a0\u00bb custom_google_font=\u00a0\u00bb\u00a0\u00bb text_color=\u00a0\u00bbcustom\u00a0\u00bb custom_text_color=\u00a0\u00bb#ffffff\u00a0\u00bb text=\u00a0\u00bbRencontrez les m\u00e9decins et le personnel qui composent l&rsquo;\u00e9quipe de PerioClinik. Nous embauchons des personnes professionnelles, comp\u00e9tentes et exp\u00e9riment\u00e9es.\u00a0\u00bb][tm_spacer size=\u00a0\u00bblg:120&Prime;][tm_button color=\u00a0\u00bbcustom\u00a0\u00bb button_bg_color=\u00a0\u00bbcustom\u00a0\u00bb font_color=\u00a0\u00bbsecondary\u00a0\u00bb button_border_color=\u00a0\u00bbcustom\u00a0\u00bb button_icon_color=\u00a0\u00bb\u00a0\u00bb button_bg_color_hover=\u00a0\u00bbsecondary\u00a0\u00bb font_color_hover=\u00a0\u00bbcustom\u00a0\u00bb button_border_color_hover=\u00a0\u00bbsecondary\u00a0\u00bb button_icon_color_hover=\u00a0\u00bb\u00a0\u00bb button=\u00a0\u00bburl:%2Ffr%2Fcontact%2F|title:Contactez-nous|target:_blank\u00a0\u00bb custom_button_bg_color=\u00a0\u00bb#ffffff\u00a0\u00bb custom_button_border_color=\u00a0\u00bb#ffffff\u00a0\u00bb custom_font_color_hover=\u00a0\u00bb#ffffff\u00a0\u00bb][\/vc_column_inner][\/vc_row_inner][\/vc_column][vc_column background_color=\u00a0\u00bbsecondary\u00a0\u00bb offset=\u00a0\u00bbvc_col-lg-6&Prime;][vc_row_inner equal_height=\u00a0\u00bbyes\u00a0\u00bb background_color=\u00a0\u00bbthird\u00a0\u00bb gutter=\u00a0\u00bblg:0&Prime;][vc_column_inner width=\u00a0\u00bb1\/2&Prime; background_image=\u00a0\u00bb4070&Prime; background_position=\u00a0\u00bbcenter center\u00a0\u00bb xs_spacing=\u00a0\u00bbpadding_top:500&Prime;][\/vc_column_inner][vc_column_inner width=\u00a0\u00bb1\/2&Prime; background_color=\u00a0\u00bbthird\u00a0\u00bb background_size=\u00a0\u00bbauto\u00a0\u00bb lg_spacing=\u00a0\u00bbpadding_top:80;padding_right:60;padding_bottom:77;padding_left:60&Prime; background_image=\u00a0\u00bb223&Prime; background_position=\u00a0\u00bbright 45px bottom 45px\u00a0\u00bb][tm_heading tag=\u00a0\u00bbh2&Prime; custom_google_font=\u00a0\u00bb\u00a0\u00bb text_color=\u00a0\u00bbcustom\u00a0\u00bb custom_text_color=\u00a0\u00bb#ffffff\u00a0\u00bb text=\u00a0\u00bbLa Clinique\u00a0\u00bb font_size=\u00a0\u00bblg:36&Prime;][tm_spacer size=\u00a0\u00bblg:26&Prime;][tm_heading tag=\u00a0\u00bbdiv\u00a0\u00bb custom_google_font=\u00a0\u00bb\u00a0\u00bb text_color=\u00a0\u00bbcustom\u00a0\u00bb custom_text_color=\u00a0\u00bb#ffffff\u00a0\u00bb text=\u00a0\u00bbNous effectuons diverses interventions esth\u00e9tiques et chirurgicales pour traiter la d\u00e9t\u00e9rioration des gencives et rehausser votre sourire.\u00a0\u00bb][tm_spacer size=\u00a0\u00bblg:120&Prime;][tm_button color=\u00a0\u00bbcustom\u00a0\u00bb button_bg_color=\u00a0\u00bbcustom\u00a0\u00bb font_color=\u00a0\u00bbsecondary\u00a0\u00bb button_border_color=\u00a0\u00bbcustom\u00a0\u00bb button_icon_color=\u00a0\u00bb\u00a0\u00bb button_bg_color_hover=\u00a0\u00bbprimary\u00a0\u00bb font_color_hover=\u00a0\u00bbcustom\u00a0\u00bb button_border_color_hover=\u00a0\u00bbprimary\u00a0\u00bb button_icon_color_hover=\u00a0\u00bb\u00a0\u00bb button=\u00a0\u00bburl:%2Ffr%2Fla-clinique%2F|title:En%20savoir%20plus|target:_blank\u00a0\u00bb custom_button_bg_color=\u00a0\u00bb#ffffff\u00a0\u00bb custom_button_border_color=\u00a0\u00bb#ffffff\u00a0\u00bb custom_font_color_hover=\u00a0\u00bb#ffffff\u00a0\u00bb][\/vc_column_inner][\/vc_row_inner][\/vc_column][\/vc_row]<\/p>\n","protected":false},"author":1,"featured_media":0,"parent":0,"menu_order":0,"comment_status":"closed","ping_status":"closed","template":"","meta":{"footnotes":""},"class_list":["post-4536","page","type-page","status-publish","hentry"],"yoast_head":"<!-- This site is optimized with the Yoast SEO plugin v26.9 - https:\/\/yoast.com\/product\/yoast-seo-wordpress\/ -->\n<title>Soins parodontaux et implants dentaires | PerioClinik<\/title>\n<meta name=\"description\" content=\"D\u00e9couvrez nos proc\u00e9dures en parodontie et implants dentaires chez PerioClinik. Soins sans douleur, adapt\u00e9s \u00e0 vos besoins bucco-dentaires .\" \/>\n<meta name=\"robots\" content=\"index, follow, max-snippet:-1, max-image-preview:large, max-video-preview:-1\" \/>\n<link rel=\"canonical\" href=\"https:\/\/perioclinik.ca\/fr\/nos-procedures\/\" \/>\n<meta property=\"og:locale\" content=\"fr_FR\" \/>\n<meta property=\"og:type\" content=\"article\" \/>\n<meta property=\"og:title\" content=\"Soins parodontaux et implants dentaires | PerioClinik\" \/>\n<meta property=\"og:description\" content=\"D\u00e9couvrez nos proc\u00e9dures en parodontie et implants dentaires chez PerioClinik. Soins sans douleur, adapt\u00e9s \u00e0 vos besoins bucco-dentaires .\" \/>\n<meta property=\"og:url\" content=\"https:\/\/perioclinik.ca\/fr\/nos-procedures\/\" \/>\n<meta property=\"og:site_name\" content=\"PerioClinik\" \/>\n<meta property=\"article:publisher\" content=\"https:\/\/www.facebook.com\/PerioClinikGatineau\/?locale=fr_FR\" \/>\n<meta property=\"article:modified_time\" content=\"2025-06-14T17:33:20+00:00\" \/>\n<meta name=\"twitter:card\" content=\"summary_large_image\" \/>\n<meta name=\"twitter:label1\" content=\"Est. reading time\" \/>\n\t<meta name=\"twitter:data1\" content=\"2 minutes\" \/>\n<script type=\"application\/ld+json\" class=\"yoast-schema-graph\">{\"@context\":\"https:\/\/schema.org\",\"@graph\":[{\"@type\":\"WebPage\",\"@id\":\"https:\/\/perioclinik.ca\/fr\/nos-procedures\/\",\"url\":\"https:\/\/perioclinik.ca\/fr\/nos-procedures\/\",\"name\":\"Soins parodontaux et implants dentaires | PerioClinik\",\"isPartOf\":{\"@id\":\"https:\/\/perioclinik.ca\/#website\"},\"datePublished\":\"2018-10-15T10:01:56+00:00\",\"dateModified\":\"2025-06-14T17:33:20+00:00\",\"description\":\"D\u00e9couvrez nos proc\u00e9dures en parodontie et implants dentaires chez PerioClinik. Soins sans douleur, adapt\u00e9s \u00e0 vos besoins bucco-dentaires .\",\"breadcrumb\":{\"@id\":\"https:\/\/perioclinik.ca\/fr\/nos-procedures\/#breadcrumb\"},\"inLanguage\":\"fr-FR\",\"potentialAction\":[{\"@type\":\"ReadAction\",\"target\":[\"https:\/\/perioclinik.ca\/fr\/nos-procedures\/\"]}]},{\"@type\":\"BreadcrumbList\",\"@id\":\"https:\/\/perioclinik.ca\/fr\/nos-procedures\/#breadcrumb\",\"itemListElement\":[{\"@type\":\"ListItem\",\"position\":1,\"name\":\"Home\",\"item\":\"https:\/\/perioclinik.ca\/fr\/\"},{\"@type\":\"ListItem\",\"position\":2,\"name\":\"Proc\u00e9dures\"}]},{\"@type\":\"WebSite\",\"@id\":\"https:\/\/perioclinik.ca\/#website\",\"url\":\"https:\/\/perioclinik.ca\/\",\"name\":\"PerioClinik\",\"description\":\"Life Changing Dental Care\",\"publisher\":{\"@id\":\"https:\/\/perioclinik.ca\/#organization\"},\"potentialAction\":[{\"@type\":\"SearchAction\",\"target\":{\"@type\":\"EntryPoint\",\"urlTemplate\":\"https:\/\/perioclinik.ca\/?s={search_term_string}\"},\"query-input\":{\"@type\":\"PropertyValueSpecification\",\"valueRequired\":true,\"valueName\":\"search_term_string\"}}],\"inLanguage\":\"fr-FR\"},{\"@type\":\"Organization\",\"@id\":\"https:\/\/perioclinik.ca\/#organization\",\"name\":\"PerioClinik\",\"url\":\"https:\/\/perioclinik.ca\/\",\"logo\":{\"@type\":\"ImageObject\",\"inLanguage\":\"fr-FR\",\"@id\":\"https:\/\/perioclinik.ca\/#\/schema\/logo\/image\/\",\"url\":\"https:\/\/perioclinik.ca\/wp-content\/uploads\/2018\/10\/PerioClinik-Logo_Color.png\",\"contentUrl\":\"https:\/\/perioclinik.ca\/wp-content\/uploads\/2018\/10\/PerioClinik-Logo_Color.png\",\"width\":164,\"height\":60,\"caption\":\"PerioClinik\"},\"image\":{\"@id\":\"https:\/\/perioclinik.ca\/#\/schema\/logo\/image\/\"},\"sameAs\":[\"https:\/\/www.facebook.com\/PerioClinikGatineau\/?locale=fr_FR\",\"https:\/\/www.instagram.com\/perioclinikgatineau\/?hl=fr\"]}]}<\/script>\n<!-- \/ Yoast SEO plugin. -->","yoast_head_json":{"title":"Soins parodontaux et implants dentaires | PerioClinik","description":"D\u00e9couvrez nos proc\u00e9dures en parodontie et implants dentaires chez PerioClinik. Soins sans douleur, adapt\u00e9s \u00e0 vos besoins bucco-dentaires .","robots":{"index":"index","follow":"follow","max-snippet":"max-snippet:-1","max-image-preview":"max-image-preview:large","max-video-preview":"max-video-preview:-1"},"canonical":"https:\/\/perioclinik.ca\/fr\/nos-procedures\/","og_locale":"fr_FR","og_type":"article","og_title":"Soins parodontaux et implants dentaires | PerioClinik","og_description":"D\u00e9couvrez nos proc\u00e9dures en parodontie et implants dentaires chez PerioClinik. Soins sans douleur, adapt\u00e9s \u00e0 vos besoins bucco-dentaires .","og_url":"https:\/\/perioclinik.ca\/fr\/nos-procedures\/","og_site_name":"PerioClinik","article_publisher":"https:\/\/www.facebook.com\/PerioClinikGatineau\/?locale=fr_FR","article_modified_time":"2025-06-14T17:33:20+00:00","twitter_card":"summary_large_image","twitter_misc":{"Est. reading time":"2 minutes"},"schema":{"@context":"https:\/\/schema.org","@graph":[{"@type":"WebPage","@id":"https:\/\/perioclinik.ca\/fr\/nos-procedures\/","url":"https:\/\/perioclinik.ca\/fr\/nos-procedures\/","name":"Soins parodontaux et implants dentaires | PerioClinik","isPartOf":{"@id":"https:\/\/perioclinik.ca\/#website"},"datePublished":"2018-10-15T10:01:56+00:00","dateModified":"2025-06-14T17:33:20+00:00","description":"D\u00e9couvrez nos proc\u00e9dures en parodontie et implants dentaires chez PerioClinik. Soins sans douleur, adapt\u00e9s \u00e0 vos besoins bucco-dentaires .","breadcrumb":{"@id":"https:\/\/perioclinik.ca\/fr\/nos-procedures\/#breadcrumb"},"inLanguage":"fr-FR","potentialAction":[{"@type":"ReadAction","target":["https:\/\/perioclinik.ca\/fr\/nos-procedures\/"]}]},{"@type":"BreadcrumbList","@id":"https:\/\/perioclinik.ca\/fr\/nos-procedures\/#breadcrumb","itemListElement":[{"@type":"ListItem","position":1,"name":"Home","item":"https:\/\/perioclinik.ca\/fr\/"},{"@type":"ListItem","position":2,"name":"Proc\u00e9dures"}]},{"@type":"WebSite","@id":"https:\/\/perioclinik.ca\/#website","url":"https:\/\/perioclinik.ca\/","name":"PerioClinik","description":"Life Changing Dental Care","publisher":{"@id":"https:\/\/perioclinik.ca\/#organization"},"potentialAction":[{"@type":"SearchAction","target":{"@type":"EntryPoint","urlTemplate":"https:\/\/perioclinik.ca\/?s={search_term_string}"},"query-input":{"@type":"PropertyValueSpecification","valueRequired":true,"valueName":"search_term_string"}}],"inLanguage":"fr-FR"},{"@type":"Organization","@id":"https:\/\/perioclinik.ca\/#organization","name":"PerioClinik","url":"https:\/\/perioclinik.ca\/","logo":{"@type":"ImageObject","inLanguage":"fr-FR","@id":"https:\/\/perioclinik.ca\/#\/schema\/logo\/image\/","url":"https:\/\/perioclinik.ca\/wp-content\/uploads\/2018\/10\/PerioClinik-Logo_Color.png","contentUrl":"https:\/\/perioclinik.ca\/wp-content\/uploads\/2018\/10\/PerioClinik-Logo_Color.png","width":164,"height":60,"caption":"PerioClinik"},"image":{"@id":"https:\/\/perioclinik.ca\/#\/schema\/logo\/image\/"},"sameAs":["https:\/\/www.facebook.com\/PerioClinikGatineau\/?locale=fr_FR","https:\/\/www.instagram.com\/perioclinikgatineau\/?hl=fr"]}]}},"_links":{"self":[{"href":"https:\/\/perioclinik.ca\/fr\/wp-json\/wp\/v2\/pages\/4536","targetHints":{"allow":["GET"]}}],"collection":[{"href":"https:\/\/perioclinik.ca\/fr\/wp-json\/wp\/v2\/pages"}],"about":[{"href":"https:\/\/perioclinik.ca\/fr\/wp-json\/wp\/v2\/types\/page"}],"author":[{"embeddable":true,"href":"https:\/\/perioclinik.ca\/fr\/wp-json\/wp\/v2\/users\/1"}],"replies":[{"embeddable":true,"href":"https:\/\/perioclinik.ca\/fr\/wp-json\/wp\/v2\/comments?post=4536"}],"version-history":[{"count":0,"href":"https:\/\/perioclinik.ca\/fr\/wp-json\/wp\/v2\/pages\/4536\/revisions"}],"wp:attachment":[{"href":"https:\/\/perioclinik.ca\/fr\/wp-json\/wp\/v2\/media?parent=4536"}],"curies":[{"name":"wp","href":"https:\/\/api.w.org\/{rel}","templated":true}]}}