{"id":4543,"date":"2018-10-17T06:21:57","date_gmt":"2018-10-17T06:21:57","guid":{"rendered":"https:\/\/perioclinik.ca\/doctors\/"},"modified":"2025-06-14T15:21:34","modified_gmt":"2025-06-14T15:21:34","slug":"parodontistes-gatineau","status":"publish","type":"page","link":"https:\/\/perioclinik.ca\/fr\/parodontistes-gatineau\/","title":{"rendered":"Les dentistes sp\u00e9cialistes"},"content":{"rendered":"<div class=\"wpb-content-wrapper\"><p>[vc_row lg_spacing=\u00a0\u00bbpadding_top:110;padding_bottom:50&Prime;][vc_column width=\u00a0\u00bb1\/3&Prime;][tm_box_icon align=\u00a0\u00bbcenter\u00a0\u00bb heading=\u00a0\u00bbPrendre soin de vous avec le sourire\u00a0\u00bb text=\u00a0\u00bbNos sp\u00e9cialistes en sant\u00e9 bucco-dentaire vous accueillent dans un environnement s\u00e9curitaire et rassurant, avec une approche humaine et attentive.\u00a0\u00bb image=\u00a0\u00bb2715&Prime;][\/vc_column][vc_column width=\u00a0\u00bb1\/3&Prime;][tm_box_icon align=\u00a0\u00bbcenter\u00a0\u00bb heading=\u00a0\u00bbDes professionnels attentifs\u00a0\u00bb text=\u00a0\u00bbChez PerioClinik, chaque traitement en parodontie ou implantologie commence par une \u00e9coute bienveillante. Comprendre les besoins de nos patients est essentiel pour des soins efficaces et personnalis\u00e9s.\u00a0\u00bb image=\u00a0\u00bb2721&Prime;][\/vc_column][vc_column width=\u00a0\u00bb1\/3&Prime;][tm_box_icon align=\u00a0\u00bbcenter\u00a0\u00bb heading=\u00a0\u00bbExperts qualifi\u00e9s\u00a0\u00bb text=\u00a0\u00bbEn plus de sa formation dentaire g\u00e9n\u00e9rale, le Dr Fokam a suivi une formation universitaire approfondie de 3 ans sp\u00e9cialis\u00e9e en parodontie et en chirurgie implantaire avec un int\u00e9r\u00eat particulier pour la microchirurgie.\u00a0\u00bb image=\u00a0\u00bb2719&Prime;][\/vc_column][\/vc_row][vc_row full_width=\u00a0\u00bbstretch_row\u00a0\u00bb background_color=\u00a0\u00bbcustom\u00a0\u00bb lg_spacing=\u00a0\u00bbpadding_top:110;padding_bottom:40&Prime; custom_background_color=\u00a0\u00bb#f7f7f7&Prime;][vc_column][tm_heading custom_google_font=\u00a0\u00bb\u00a0\u00bb align=\u00a0\u00bbcenter\u00a0\u00bb text=\u00a0\u00bb\u00c9quipe professionnelle de m\u00e9decins\u00a0\u00bb font_size=\u00a0\u00bblg:36&Prime;][tm_heading tag=\u00a0\u00bbp\u00a0\u00bb custom_google_font=\u00a0\u00bb\u00a0\u00bb google_fonts=\u00a0\u00bbfont_family:Poppins%3A300%2Cregular%2C500%2C600%2C700|font_style:400%20regular%3A400%3Anormal\u00a0\u00bb align=\u00a0\u00bbcenter\u00a0\u00bb text=\u00a0\u00bbNotre \u00e9quipe est compos\u00e9e de parodontistes et de sp\u00e9cialistes en implantologie hautement qualifi\u00e9s, au service de la sant\u00e9 de vos gencives et de votre sourire \u00e0 Gatineau.\u00a0\u00bb font_size=\u00a0\u00bblg:16&Prime;][tm_spacer size=\u00a0\u00bblg:50&Prime;][tm_caregiver gutter=\u00a0\u00bb30&Prime; row_gutter=\u00a0\u00bb30&Prime; number=\u00a0\u00bb6&Prime; order=\u00a0\u00bbASC\u00a0\u00bb columns=\u00a0\u00bbxs:1;sm:2;lg:3&Prime;][tm_spacer size=\u00a0\u00bblg:70&Prime;][\/vc_column][\/vc_row][vc_row full_width=\u00a0\u00bbstretch_row\u00a0\u00bb content_placement=\u00a0\u00bbmiddle\u00a0\u00bb background_color=\u00a0\u00bbprimary\u00a0\u00bb lg_spacing=\u00a0\u00bbpadding_top:50;padding_bottom:50&Prime;][vc_column width=\u00a0\u00bb2\/3&Prime; content_alignment=\u00a0\u00bbcenter\u00a0\u00bb][tm_heading style=\u00a0\u00bbmodern-icon\u00a0\u00bb custom_google_font=\u00a0\u00bb\u00a0\u00bb text_color=\u00a0\u00bbcustom\u00a0\u00bb custom_text_color=\u00a0\u00bb#ffffff\u00a0\u00bb icon_type=\u00a0\u00bbflaticon\u00a0\u00bb icon_flaticon=\u00a0\u00bbflaticon-123-smartphone-3&Prime; icon_color=\u00a0\u00bbcustom\u00a0\u00bb custom_icon_color=\u00a0\u00bbrgba(255,255,255,0.3)\u00a0\u00bb text=\u00a0\u00bbAppelez pour prendre rendez-vous aujourd&rsquo;hui!\u00a0\u00bb font_size=\u00a0\u00bblg:36&Prime; icon_font_size=\u00a0\u00bblg:120&Prime;][\/vc_column][vc_column width=\u00a0\u00bb1\/3&Prime;][tm_button align=\u00a0\u00bbright\u00a0\u00bb xs_align=\u00a0\u00bbleft\u00a0\u00bb color=\u00a0\u00bbcustom\u00a0\u00bb button_bg_color=\u00a0\u00bbthird\u00a0\u00bb font_color=\u00a0\u00bbcustom\u00a0\u00bb button_border_color=\u00a0\u00bbthird\u00a0\u00bb button_icon_color=\u00a0\u00bb\u00a0\u00bb button_bg_color_hover=\u00a0\u00bbsecondary\u00a0\u00bb font_color_hover=\u00a0\u00bbcustom\u00a0\u00bb button_border_color_hover=\u00a0\u00bbsecondary\u00a0\u00bb button_icon_color_hover=\u00a0\u00bb\u00a0\u00bb button=\u00a0\u00bburl:%2Ffr%2Fcontact|title:Contactez-nous|target:_blank\u00a0\u00bb custom_font_color_hover=\u00a0\u00bb#ffffff\u00a0\u00bb xs_spacing=\u00a0\u00bbmargin_top:20&Prime; custom_font_color=\u00a0\u00bb#ffffff\u00a0\u00bb][\/vc_column][\/vc_row]<\/p>\n<\/div>","protected":false},"excerpt":{"rendered":"<p>[vc_row lg_spacing=\u00a0\u00bbpadding_top:110;padding_bottom:50&Prime;][vc_column width=\u00a0\u00bb1\/3&Prime;][tm_box_icon align=\u00a0\u00bbcenter\u00a0\u00bb heading=\u00a0\u00bbPrendre soin de vous avec le sourire\u00a0\u00bb text=\u00a0\u00bbNos sp\u00e9cialistes en sant\u00e9 bucco-dentaire vous accueillent dans un environnement s\u00e9curitaire et rassurant, avec une approche humaine et attentive.\u00a0\u00bb image=\u00a0\u00bb2715&Prime;][\/vc_column][vc_column width=\u00a0\u00bb1\/3&Prime;][tm_box_icon align=\u00a0\u00bbcenter\u00a0\u00bb heading=\u00a0\u00bbDes professionnels attentifs\u00a0\u00bb text=\u00a0\u00bbChez PerioClinik, chaque traitement en parodontie ou implantologie commence par une \u00e9coute bienveillante. Comprendre les besoins de nos patients est essentiel pour des soins efficaces et personnalis\u00e9s.\u00a0\u00bb image=\u00a0\u00bb2721&Prime;][\/vc_column][vc_column width=\u00a0\u00bb1\/3&Prime;][tm_box_icon align=\u00a0\u00bbcenter\u00a0\u00bb heading=\u00a0\u00bbExperts qualifi\u00e9s\u00a0\u00bb text=\u00a0\u00bbEn plus de sa formation dentaire g\u00e9n\u00e9rale, le Dr Fokam a suivi une formation universitaire approfondie de 3 ans sp\u00e9cialis\u00e9e en parodontie et en chirurgie implantaire avec un int\u00e9r\u00eat particulier pour la microchirurgie.\u00a0\u00bb image=\u00a0\u00bb2719&Prime;][\/vc_column][\/vc_row][vc_row full_width=\u00a0\u00bbstretch_row\u00a0\u00bb background_color=\u00a0\u00bbcustom\u00a0\u00bb lg_spacing=\u00a0\u00bbpadding_top:110;padding_bottom:40&Prime; custom_background_color=\u00a0\u00bb#f7f7f7&Prime;][vc_column][tm_heading custom_google_font=\u00a0\u00bb\u00a0\u00bb align=\u00a0\u00bbcenter\u00a0\u00bb text=\u00a0\u00bb\u00c9quipe professionnelle de m\u00e9decins\u00a0\u00bb font_size=\u00a0\u00bblg:36&Prime;][tm_heading tag=\u00a0\u00bbp\u00a0\u00bb custom_google_font=\u00a0\u00bb\u00a0\u00bb google_fonts=\u00a0\u00bbfont_family:Poppins%3A300%2Cregular%2C500%2C600%2C700|font_style:400%20regular%3A400%3Anormal\u00a0\u00bb align=\u00a0\u00bbcenter\u00a0\u00bb text=\u00a0\u00bbNotre \u00e9quipe est compos\u00e9e de parodontistes et de sp\u00e9cialistes en implantologie hautement qualifi\u00e9s, au service de la sant\u00e9 de vos gencives et de votre sourire \u00e0 Gatineau.\u00a0\u00bb font_size=\u00a0\u00bblg:16&Prime;][tm_spacer size=\u00a0\u00bblg:50&Prime;][tm_caregiver gutter=\u00a0\u00bb30&Prime; row_gutter=\u00a0\u00bb30&Prime; number=\u00a0\u00bb6&Prime; order=\u00a0\u00bbASC\u00a0\u00bb columns=\u00a0\u00bbxs:1;sm:2;lg:3&Prime;][tm_spacer size=\u00a0\u00bblg:70&Prime;][\/vc_column][\/vc_row][vc_row full_width=\u00a0\u00bbstretch_row\u00a0\u00bb content_placement=\u00a0\u00bbmiddle\u00a0\u00bb background_color=\u00a0\u00bbprimary\u00a0\u00bb lg_spacing=\u00a0\u00bbpadding_top:50;padding_bottom:50&Prime;][vc_column width=\u00a0\u00bb2\/3&Prime; content_alignment=\u00a0\u00bbcenter\u00a0\u00bb][tm_heading style=\u00a0\u00bbmodern-icon\u00a0\u00bb custom_google_font=\u00a0\u00bb\u00a0\u00bb text_color=\u00a0\u00bbcustom\u00a0\u00bb custom_text_color=\u00a0\u00bb#ffffff\u00a0\u00bb icon_type=\u00a0\u00bbflaticon\u00a0\u00bb icon_flaticon=\u00a0\u00bbflaticon-123-smartphone-3&Prime; icon_color=\u00a0\u00bbcustom\u00a0\u00bb custom_icon_color=\u00a0\u00bbrgba(255,255,255,0.3)\u00a0\u00bb text=\u00a0\u00bbAppelez pour prendre rendez-vous aujourd&rsquo;hui!\u00a0\u00bb font_size=\u00a0\u00bblg:36&Prime; icon_font_size=\u00a0\u00bblg:120&Prime;][\/vc_column][vc_column width=\u00a0\u00bb1\/3&Prime;][tm_button align=\u00a0\u00bbright\u00a0\u00bb xs_align=\u00a0\u00bbleft\u00a0\u00bb color=\u00a0\u00bbcustom\u00a0\u00bb button_bg_color=\u00a0\u00bbthird\u00a0\u00bb font_color=\u00a0\u00bbcustom\u00a0\u00bb button_border_color=\u00a0\u00bbthird\u00a0\u00bb button_icon_color=\u00a0\u00bb\u00a0\u00bb button_bg_color_hover=\u00a0\u00bbsecondary\u00a0\u00bb font_color_hover=\u00a0\u00bbcustom\u00a0\u00bb button_border_color_hover=\u00a0\u00bbsecondary\u00a0\u00bb button_icon_color_hover=\u00a0\u00bb\u00a0\u00bb button=\u00a0\u00bburl:%2Ffr%2Fcontact|title:Contactez-nous|target:_blank\u00a0\u00bb custom_font_color_hover=\u00a0\u00bb#ffffff\u00a0\u00bb xs_spacing=\u00a0\u00bbmargin_top:20&Prime; custom_font_color=\u00a0\u00bb#ffffff\u00a0\u00bb][\/vc_column][\/vc_row]<\/p>\n","protected":false},"author":1,"featured_media":0,"parent":0,"menu_order":0,"comment_status":"closed","ping_status":"closed","template":"","meta":{"footnotes":""},"class_list":["post-4543","page","type-page","status-publish","hentry"],"yoast_head":"<!-- This site is optimized with the Yoast SEO plugin v26.9 - https:\/\/yoast.com\/product\/yoast-seo-wordpress\/ -->\n<title>Nos sp\u00e9cialistes en parodontie et implantologie \u00e0 Gatineau<\/title>\n<meta name=\"description\" content=\"D\u00e9couvrez notre \u00e9quipe de sp\u00e9cialistes en parodontie et implantologie \u00e0 Gatineau. Des soins personnalis\u00e9s pour la sant\u00e9 de vos gencives.\" \/>\n<meta name=\"robots\" content=\"index, follow, max-snippet:-1, max-image-preview:large, max-video-preview:-1\" \/>\n<link rel=\"canonical\" href=\"https:\/\/perioclinik.ca\/fr\/parodontistes-gatineau\/\" \/>\n<meta property=\"og:locale\" content=\"fr_FR\" \/>\n<meta property=\"og:type\" content=\"article\" \/>\n<meta property=\"og:title\" content=\"Nos sp\u00e9cialistes en parodontie et implantologie \u00e0 Gatineau\" \/>\n<meta property=\"og:description\" content=\"D\u00e9couvrez notre \u00e9quipe de sp\u00e9cialistes en parodontie et implantologie \u00e0 Gatineau. Des soins personnalis\u00e9s pour la sant\u00e9 de vos gencives.\" \/>\n<meta property=\"og:url\" content=\"https:\/\/perioclinik.ca\/fr\/parodontistes-gatineau\/\" \/>\n<meta property=\"og:site_name\" content=\"PerioClinik\" \/>\n<meta property=\"article:publisher\" content=\"https:\/\/www.facebook.com\/PerioClinikGatineau\/?locale=fr_FR\" \/>\n<meta property=\"article:modified_time\" content=\"2025-06-14T15:21:34+00:00\" \/>\n<meta name=\"twitter:card\" content=\"summary_large_image\" \/>\n<meta name=\"twitter:label1\" content=\"Est. reading time\" \/>\n\t<meta name=\"twitter:data1\" content=\"1 minute\" \/>\n<script type=\"application\/ld+json\" class=\"yoast-schema-graph\">{\"@context\":\"https:\/\/schema.org\",\"@graph\":[{\"@type\":\"WebPage\",\"@id\":\"https:\/\/perioclinik.ca\/fr\/parodontistes-gatineau\/\",\"url\":\"https:\/\/perioclinik.ca\/fr\/parodontistes-gatineau\/\",\"name\":\"Nos sp\u00e9cialistes en parodontie et implantologie \u00e0 Gatineau\",\"isPartOf\":{\"@id\":\"https:\/\/perioclinik.ca\/#website\"},\"datePublished\":\"2018-10-17T06:21:57+00:00\",\"dateModified\":\"2025-06-14T15:21:34+00:00\",\"description\":\"D\u00e9couvrez notre \u00e9quipe de sp\u00e9cialistes en parodontie et implantologie \u00e0 Gatineau. Des soins personnalis\u00e9s pour la sant\u00e9 de vos gencives.\",\"breadcrumb\":{\"@id\":\"https:\/\/perioclinik.ca\/fr\/parodontistes-gatineau\/#breadcrumb\"},\"inLanguage\":\"fr-FR\",\"potentialAction\":[{\"@type\":\"ReadAction\",\"target\":[\"https:\/\/perioclinik.ca\/fr\/parodontistes-gatineau\/\"]}]},{\"@type\":\"BreadcrumbList\",\"@id\":\"https:\/\/perioclinik.ca\/fr\/parodontistes-gatineau\/#breadcrumb\",\"itemListElement\":[{\"@type\":\"ListItem\",\"position\":1,\"name\":\"Home\",\"item\":\"https:\/\/perioclinik.ca\/fr\/\"},{\"@type\":\"ListItem\",\"position\":2,\"name\":\"Les dentistes sp\u00e9cialistes\"}]},{\"@type\":\"WebSite\",\"@id\":\"https:\/\/perioclinik.ca\/#website\",\"url\":\"https:\/\/perioclinik.ca\/\",\"name\":\"PerioClinik\",\"description\":\"Life Changing Dental Care\",\"publisher\":{\"@id\":\"https:\/\/perioclinik.ca\/#organization\"},\"potentialAction\":[{\"@type\":\"SearchAction\",\"target\":{\"@type\":\"EntryPoint\",\"urlTemplate\":\"https:\/\/perioclinik.ca\/?s={search_term_string}\"},\"query-input\":{\"@type\":\"PropertyValueSpecification\",\"valueRequired\":true,\"valueName\":\"search_term_string\"}}],\"inLanguage\":\"fr-FR\"},{\"@type\":\"Organization\",\"@id\":\"https:\/\/perioclinik.ca\/#organization\",\"name\":\"PerioClinik\",\"url\":\"https:\/\/perioclinik.ca\/\",\"logo\":{\"@type\":\"ImageObject\",\"inLanguage\":\"fr-FR\",\"@id\":\"https:\/\/perioclinik.ca\/#\/schema\/logo\/image\/\",\"url\":\"https:\/\/perioclinik.ca\/wp-content\/uploads\/2018\/10\/PerioClinik-Logo_Color.png\",\"contentUrl\":\"https:\/\/perioclinik.ca\/wp-content\/uploads\/2018\/10\/PerioClinik-Logo_Color.png\",\"width\":164,\"height\":60,\"caption\":\"PerioClinik\"},\"image\":{\"@id\":\"https:\/\/perioclinik.ca\/#\/schema\/logo\/image\/\"},\"sameAs\":[\"https:\/\/www.facebook.com\/PerioClinikGatineau\/?locale=fr_FR\",\"https:\/\/www.instagram.com\/perioclinikgatineau\/?hl=fr\"]}]}<\/script>\n<!-- \/ Yoast SEO plugin. -->","yoast_head_json":{"title":"Nos sp\u00e9cialistes en parodontie et implantologie \u00e0 Gatineau","description":"D\u00e9couvrez notre \u00e9quipe de sp\u00e9cialistes en parodontie et implantologie \u00e0 Gatineau. Des soins personnalis\u00e9s pour la sant\u00e9 de vos gencives.","robots":{"index":"index","follow":"follow","max-snippet":"max-snippet:-1","max-image-preview":"max-image-preview:large","max-video-preview":"max-video-preview:-1"},"canonical":"https:\/\/perioclinik.ca\/fr\/parodontistes-gatineau\/","og_locale":"fr_FR","og_type":"article","og_title":"Nos sp\u00e9cialistes en parodontie et implantologie \u00e0 Gatineau","og_description":"D\u00e9couvrez notre \u00e9quipe de sp\u00e9cialistes en parodontie et implantologie \u00e0 Gatineau. Des soins personnalis\u00e9s pour la sant\u00e9 de vos gencives.","og_url":"https:\/\/perioclinik.ca\/fr\/parodontistes-gatineau\/","og_site_name":"PerioClinik","article_publisher":"https:\/\/www.facebook.com\/PerioClinikGatineau\/?locale=fr_FR","article_modified_time":"2025-06-14T15:21:34+00:00","twitter_card":"summary_large_image","twitter_misc":{"Est. reading time":"1 minute"},"schema":{"@context":"https:\/\/schema.org","@graph":[{"@type":"WebPage","@id":"https:\/\/perioclinik.ca\/fr\/parodontistes-gatineau\/","url":"https:\/\/perioclinik.ca\/fr\/parodontistes-gatineau\/","name":"Nos sp\u00e9cialistes en parodontie et implantologie \u00e0 Gatineau","isPartOf":{"@id":"https:\/\/perioclinik.ca\/#website"},"datePublished":"2018-10-17T06:21:57+00:00","dateModified":"2025-06-14T15:21:34+00:00","description":"D\u00e9couvrez notre \u00e9quipe de sp\u00e9cialistes en parodontie et implantologie \u00e0 Gatineau. Des soins personnalis\u00e9s pour la sant\u00e9 de vos gencives.","breadcrumb":{"@id":"https:\/\/perioclinik.ca\/fr\/parodontistes-gatineau\/#breadcrumb"},"inLanguage":"fr-FR","potentialAction":[{"@type":"ReadAction","target":["https:\/\/perioclinik.ca\/fr\/parodontistes-gatineau\/"]}]},{"@type":"BreadcrumbList","@id":"https:\/\/perioclinik.ca\/fr\/parodontistes-gatineau\/#breadcrumb","itemListElement":[{"@type":"ListItem","position":1,"name":"Home","item":"https:\/\/perioclinik.ca\/fr\/"},{"@type":"ListItem","position":2,"name":"Les dentistes sp\u00e9cialistes"}]},{"@type":"WebSite","@id":"https:\/\/perioclinik.ca\/#website","url":"https:\/\/perioclinik.ca\/","name":"PerioClinik","description":"Life Changing Dental Care","publisher":{"@id":"https:\/\/perioclinik.ca\/#organization"},"potentialAction":[{"@type":"SearchAction","target":{"@type":"EntryPoint","urlTemplate":"https:\/\/perioclinik.ca\/?s={search_term_string}"},"query-input":{"@type":"PropertyValueSpecification","valueRequired":true,"valueName":"search_term_string"}}],"inLanguage":"fr-FR"},{"@type":"Organization","@id":"https:\/\/perioclinik.ca\/#organization","name":"PerioClinik","url":"https:\/\/perioclinik.ca\/","logo":{"@type":"ImageObject","inLanguage":"fr-FR","@id":"https:\/\/perioclinik.ca\/#\/schema\/logo\/image\/","url":"https:\/\/perioclinik.ca\/wp-content\/uploads\/2018\/10\/PerioClinik-Logo_Color.png","contentUrl":"https:\/\/perioclinik.ca\/wp-content\/uploads\/2018\/10\/PerioClinik-Logo_Color.png","width":164,"height":60,"caption":"PerioClinik"},"image":{"@id":"https:\/\/perioclinik.ca\/#\/schema\/logo\/image\/"},"sameAs":["https:\/\/www.facebook.com\/PerioClinikGatineau\/?locale=fr_FR","https:\/\/www.instagram.com\/perioclinikgatineau\/?hl=fr"]}]}},"_links":{"self":[{"href":"https:\/\/perioclinik.ca\/fr\/wp-json\/wp\/v2\/pages\/4543","targetHints":{"allow":["GET"]}}],"collection":[{"href":"https:\/\/perioclinik.ca\/fr\/wp-json\/wp\/v2\/pages"}],"about":[{"href":"https:\/\/perioclinik.ca\/fr\/wp-json\/wp\/v2\/types\/page"}],"author":[{"embeddable":true,"href":"https:\/\/perioclinik.ca\/fr\/wp-json\/wp\/v2\/users\/1"}],"replies":[{"embeddable":true,"href":"https:\/\/perioclinik.ca\/fr\/wp-json\/wp\/v2\/comments?post=4543"}],"version-history":[{"count":0,"href":"https:\/\/perioclinik.ca\/fr\/wp-json\/wp\/v2\/pages\/4543\/revisions"}],"wp:attachment":[{"href":"https:\/\/perioclinik.ca\/fr\/wp-json\/wp\/v2\/media?parent=4543"}],"curies":[{"name":"wp","href":"https:\/\/api.w.org\/{rel}","templated":true}]}}